{"id":1218,"date":"2024-06-04T12:23:26","date_gmt":"2024-06-04T12:23:26","guid":{"rendered":"https:\/\/rirss.org\/?page_id=1218"},"modified":"2024-06-04T12:23:45","modified_gmt":"2024-06-04T12:23:45","slug":"inscricao-e-parceria","status":"publish","type":"page","link":"https:\/\/rirss.org\/pt-pt\/inscricao-e-parceria\/","title":{"rendered":"INSCRI\u00c7\u00c3O E PARCERIA"},"content":{"rendered":"<p>[et_pb_section fb_built=&#8221;1&#8243; fullwidth=&#8221;on&#8221; _builder_version=&#8221;4.17.4&#8243; _module_preset=&#8221;default&#8221; custom_margin=&#8221;||||false|false&#8221; global_colors_info=&#8221;{}&#8221;][et_pb_fullwidth_image src=&#8221;http:\/\/rirss.zeus.umh.es\/files\/2022\/09\/8-scalednuevo.jpg&#8221; title_text=&#8221;8-scalednuevo&#8221; _builder_version=&#8221;4.17.4&#8243; _module_preset=&#8221;default&#8221; global_colors_info=&#8221;{}&#8221;][\/et_pb_fullwidth_image][\/et_pb_section][et_pb_section fb_built=&#8221;1&#8243; _builder_version=&#8221;4.17.4&#8243; _module_preset=&#8221;default&#8221; global_colors_info=&#8221;{}&#8221;][et_pb_row _builder_version=&#8221;4.17.4&#8243; _module_preset=&#8221;default&#8221; global_colors_info=&#8221;{}&#8221;][et_pb_column type=&#8221;4_4&#8243; _builder_version=&#8221;4.17.4&#8243; _module_preset=&#8221;default&#8221; global_colors_info=&#8221;{}&#8221;][et_pb_text module_id=&#8221;miembros&#8221; _builder_version=&#8221;4.17.4&#8243; _module_preset=&#8221;default&#8221; header_2_line_height=&#8221;1.5em&#8221; global_colors_info=&#8221;{}&#8221;]<\/p>\n<h1 style=\"text-align: center;\"><strong>INSCRI\u00c7\u00c3O E PARCERIA<\/strong><\/h1>\n<h2>\u00a0<\/h2>\n<h2><strong>Membros\/Afiliados<\/strong><\/h2>\n<p><span style=\"font-weight: 400;\">A associa\u00e7\u00e3o est\u00e1 aberta a todas as pessoas, institui\u00e7\u00f5es e organiza\u00e7\u00f5es que compartilham as metas e objetivos da RIRSS. Qualquer pedido de ades\u00e3o pode ser enviado \u00e0 Secretaria-Geral <a href=\"mailto:secretaria.rirss@umh.es\">secretaria.rirss@umh.es<\/a> por e-mail com algumas informa\u00e7\u00f5es b\u00e1sicas.<\/span><\/p>\n<p><span style=\"font-weight: 400;\">Est\u00e3o dispon\u00edveis as seguintes op\u00e7\u00f5es:<\/span><\/p>\n<p><b>Membro associado: <\/b><span style=\"font-weight: 400;\"> Este membro tem o direito de receber an\u00fancios publicados periodicamente no site da RIRSS. O membro solicita-o \u00e0 Secretaria-Geral, comunicando seu endere\u00e7o eletr\u00f3nico. N\u00e3o h\u00e1 custos associados. O membro ser\u00e1 notificado por e-mail das atividades priorit\u00e1rias para membros do RIRSS<\/span><\/p>\n<p><b>Membro ativo: <\/b><span style=\"font-weight: 400;\">Este membro participa nas atividades, seja como membro de um grupo de trabalho ou participando em qualquer atividade proposta pelo RIRSS. Este estatuto confere o direito a participar de reuni\u00f5es de planifica\u00e7\u00e3o ou avalia\u00e7\u00e3o. Pode receber informa\u00e7\u00f5es privilegiadas reservadas para membros ativos. N\u00e3o h\u00e1 custos associados.<\/span><\/p>\n<p><b>Membro Constitucional:<\/b><span style=\"font-weight: 400;\"> O Membro Constitucional \u00e9 consultado sobre a pol\u00edtica do RIRSS, prioridades de a\u00e7\u00e3o e alian\u00e7as. Participar das decis\u00f5es de vota\u00e7\u00e3o. A sua participa\u00e7\u00e3o est\u00e1 sujeita ao pagamento de uma taxa e \u00e0 nomea\u00e7\u00e3o pelo RIRSS.<\/span><\/p>\n<p>[\/et_pb_text][et_pb_text module_id=&#8221;Parceria&#8221; _builder_version=&#8221;4.17.4&#8243; _module_preset=&#8221;default&#8221; header_2_line_height=&#8221;1.5em&#8221; global_colors_info=&#8221;{}&#8221;]<\/p>\n<h2><b>Parceria<\/b><\/h2>\n<p><span style=\"font-weight: 400;\">A RIRSS deseja colaborar com organiza\u00e7\u00f5es associadas, como institui\u00e7\u00f5es, redes, organiza\u00e7\u00f5es (cient\u00edficas, humanistas, etc.) ou doadores na realiza\u00e7\u00e3o de seus projetos. Na pr\u00f3pria miss\u00e3o do RIRSS de desenvolver a responsabilidade social, o desenvolvimento de parcerias tem como objetivo a colabora\u00e7\u00e3o direccionada a objetivos, mas tamb\u00e9m a\u00e7\u00f5es comuns.<\/span><\/p>\n<p><span style=\"font-weight: 400;\">Entre os parceiros e o RIRSS s\u00e3o definidos acordos gerais de colabora\u00e7\u00e3o ou acordos espec\u00edficos que especificam a natureza e as modalidades de colabora\u00e7\u00e3o para projetos espec\u00edficos.<\/span><span style=\"font-weight: 400;\"><\/span><\/p>\n<p>[\/et_pb_text][et_pb_text module_id=&#8221;doaciones&#8221; _builder_version=&#8221;4.17.4&#8243; _module_preset=&#8221;default&#8221; header_2_line_height=&#8221;1.5em&#8221; global_colors_info=&#8221;{}&#8221;]<\/p>\n<h2><b>Doa\u00e7\u00f5es\u00a0<\/b><\/h2>\n<p><span style=\"font-weight: 400;\">O compromisso das faculdades de medicina e ci\u00eancias da sa\u00fade com a responsabilidade social pressup\u00f5e a realiza\u00e7\u00e3o de projetos com impacto significativo na popula\u00e7\u00e3o. A implementa\u00e7\u00e3o da RIRSS, conforme descrito na se\u00e7\u00e3o In\u00edcio do nosso site, requer a ajuda de doadores para permitir o funcionamento operacional. Desta forma, tornam-se defensores essenciais da responsabilidade social.<\/span><\/p>\n<p><span style=\"font-weight: 400;\">Qualquer doa\u00e7\u00e3o servir\u00e1 para apoiar os servi\u00e7os prestados e o funcionamento da organiza\u00e7\u00e3o. Tamb\u00e9m podem ser estabelecidos acordos espec\u00edficos para determinados projetos ou projetos a serem desenvolvidos, em parceria com base em um tema.<\/span><\/p>\n<p><span style=\"font-weight: 400;\">Qualquer doador que deseje fazer uma doa\u00e7\u00e3o ser\u00e1 colocado em contacto com um respons\u00e1vel, ap\u00f3s ter contactado o secretariado. O apoio dos doadores \u00e9 importante e o seu envolvimento demonstra uma dimens\u00e3o humana essencial.<\/span><\/p>\n<p><span style=\"font-weight: 400;\">Para a transmiss\u00e3o das doa\u00e7\u00f5es, dirija-se ao seguinte endere\u00e7o: <a href=\"mailto:secretaria.rirss@umh.es\">secretaria.rirss@umh.es<\/a><\/span><\/p>\n<p><!--<span style=\"font-weight: 400;\">\u2026..<\/span><\/p>\n\n\n\n\n<p>--><\/p>\n<p>[\/et_pb_text][\/et_pb_column][\/et_pb_row][\/et_pb_section]<\/p>\n","protected":false},"excerpt":{"rendered":"<p>INSCRI\u00c7\u00c3O E PARCERIA \u00a0 Membros\/Afiliados A associa\u00e7\u00e3o est\u00e1 aberta a todas as pessoas, institui\u00e7\u00f5es e organiza\u00e7\u00f5es que compartilham as metas e objetivos da RIRSS. Qualquer pedido de ades\u00e3o pode ser enviado \u00e0 Secretaria-Geral secretaria.rirss@umh.es por e-mail com algumas informa\u00e7\u00f5es b\u00e1sicas. Est\u00e3o dispon\u00edveis as seguintes op\u00e7\u00f5es: Membro associado: Este membro tem o direito de receber an\u00fancios [&hellip;]<\/p>\n","protected":false},"author":3782,"featured_media":0,"parent":0,"menu_order":0,"comment_status":"closed","ping_status":"closed","template":"","meta":{"_et_pb_use_builder":"on","_et_pb_old_content":"[et_pb_section fb_built=\"1\" fullwidth=\"on\" _builder_version=\"4.17.4\" _module_preset=\"default\" custom_margin=\"||||false|false\" global_colors_info=\"{}\"][et_pb_fullwidth_image src=\"http:\/\/rirss.zeus.umh.es\/files\/2022\/09\/8-scalednuevo.jpg\" title_text=\"8-scalednuevo\" _builder_version=\"4.17.4\" _module_preset=\"default\" hover_enabled=\"0\" global_colors_info=\"{}\" sticky_enabled=\"0\"][\/et_pb_fullwidth_image][\/et_pb_section][et_pb_section fb_built=\"1\" _builder_version=\"4.17.4\" _module_preset=\"default\" global_colors_info=\"{}\"][et_pb_row _builder_version=\"4.17.4\" _module_preset=\"default\" global_colors_info=\"{}\"][et_pb_column type=\"4_4\" _builder_version=\"4.17.4\" _module_preset=\"default\" global_colors_info=\"{}\"][et_pb_text module_id=\"miembros\" _builder_version=\"4.17.4\" _module_preset=\"default\" header_2_line_height=\"1.5em\" hover_enabled=\"0\" global_colors_info=\"{}\" sticky_enabled=\"0\"]<h1 style=\"text-align: center;\"><strong>INSCRI\u00c7\u00c3O E PARCERIA<\/strong><\/h1>\r\n<h2>\u00a0<\/h2>\r\n<h2><strong>Membros\/Afiliados<\/strong><\/h2>\r\n<p><span style=\"font-weight: 400;\">A associa\u00e7\u00e3o est\u00e1 aberta a todas as pessoas, institui\u00e7\u00f5es e organiza\u00e7\u00f5es que compartilham as metas e objetivos da RIRSS. Qualquer pedido de ades\u00e3o pode ser enviado \u00e0 Secretaria-Geral <a href=\"mailto:secretaria.rirss@umh.es\">secretaria.rirss@umh.es<\/a> por e-mail com algumas informa\u00e7\u00f5es b\u00e1sicas.<\/span><\/p>\r\n<p><span style=\"font-weight: 400;\">Est\u00e3o dispon\u00edveis as seguintes op\u00e7\u00f5es:<\/span><\/p>\r\n<p><b>Membro associado: <\/b><span style=\"font-weight: 400;\"> Este membro tem o direito de receber an\u00fancios publicados periodicamente no site da RIRSS. O membro solicita-o \u00e0 Secretaria-Geral, comunicando seu endere\u00e7o eletr\u00f3nico. N\u00e3o h\u00e1 custos associados. O membro ser\u00e1 notificado por e-mail das atividades priorit\u00e1rias para membros do RIRSS<\/span><\/p>\r\n<p><b>Membro ativo: <\/b><span style=\"font-weight: 400;\">Este membro participa nas atividades, seja como membro de um grupo de trabalho ou participando em qualquer atividade proposta pelo RIRSS. Este estatuto confere o direito a participar de reuni\u00f5es de planifica\u00e7\u00e3o ou avalia\u00e7\u00e3o. Pode receber informa\u00e7\u00f5es privilegiadas reservadas para membros ativos. N\u00e3o h\u00e1 custos associados.<\/span><\/p>\r\n<p><b>Membro Constitucional:<\/b><span style=\"font-weight: 400;\"> O Membro Constitucional \u00e9 consultado sobre a pol\u00edtica do RIRSS, prioridades de a\u00e7\u00e3o e alian\u00e7as. Participar das decis\u00f5es de vota\u00e7\u00e3o. A sua participa\u00e7\u00e3o est\u00e1 sujeita ao pagamento de uma taxa e \u00e0 nomea\u00e7\u00e3o pelo RIRSS.<\/span><\/p>[\/et_pb_text][et_pb_text module_id=\"Parceria\" _builder_version=\"4.17.4\" _module_preset=\"default\" header_2_line_height=\"1.5em\" global_colors_info=\"{}\"]<h2><b>Parceria<\/b><\/h2>\r\n<p><span style=\"font-weight: 400;\">A RIRSS deseja colaborar com organiza\u00e7\u00f5es associadas, como institui\u00e7\u00f5es, redes, organiza\u00e7\u00f5es (cient\u00edficas, humanistas, etc.) ou doadores na realiza\u00e7\u00e3o de seus projetos. Na pr\u00f3pria miss\u00e3o do RIRSS de desenvolver a responsabilidade social, o desenvolvimento de parcerias tem como objetivo a colabora\u00e7\u00e3o direccionada a objetivos, mas tamb\u00e9m a\u00e7\u00f5es comuns.<\/span><\/p>\r\n<p><span style=\"font-weight: 400;\">Entre os parceiros e o RIRSS s\u00e3o definidos acordos gerais de colabora\u00e7\u00e3o ou acordos espec\u00edficos que especificam a natureza e as modalidades de colabora\u00e7\u00e3o para projetos espec\u00edficos.<\/span><span style=\"font-weight: 400;\"><\/span><\/p>[\/et_pb_text][et_pb_text module_id=\"doaciones\" _builder_version=\"4.17.4\" _module_preset=\"default\" header_2_line_height=\"1.5em\" hover_enabled=\"0\" global_colors_info=\"{}\" sticky_enabled=\"0\"]<h2><b>Doa\u00e7\u00f5es\u00a0<\/b><\/h2>\r\n<p><span style=\"font-weight: 400;\">O compromisso das faculdades de medicina e ci\u00eancias da sa\u00fade com a responsabilidade social pressup\u00f5e a realiza\u00e7\u00e3o de projetos com impacto significativo na popula\u00e7\u00e3o. A implementa\u00e7\u00e3o da RIRSS, conforme descrito na se\u00e7\u00e3o In\u00edcio do nosso site, requer a ajuda de doadores para permitir o funcionamento operacional. Desta forma, tornam-se defensores essenciais da responsabilidade social.<\/span><\/p>\r\n<p><span style=\"font-weight: 400;\">Qualquer doa\u00e7\u00e3o servir\u00e1 para apoiar os servi\u00e7os prestados e o funcionamento da organiza\u00e7\u00e3o. Tamb\u00e9m podem ser estabelecidos acordos espec\u00edficos para determinados projetos ou projetos a serem desenvolvidos, em parceria com base em um tema.<\/span><\/p>\r\n<p><span style=\"font-weight: 400;\">Qualquer doador que deseje fazer uma doa\u00e7\u00e3o ser\u00e1 colocado em contacto com um respons\u00e1vel, ap\u00f3s ter contactado o secretariado. O apoio dos doadores \u00e9 importante e o seu envolvimento demonstra uma dimens\u00e3o humana essencial.<\/span><\/p>\r\n<p><span style=\"font-weight: 400;\">Para a transmiss\u00e3o das doa\u00e7\u00f5es, dirija-se ao seguinte endere\u00e7o: <a href=\"mailto:secretaria.rirss@umh.es\">secretaria.rirss@umh.es<\/a><\/span><\/p>\r\n<p><!--<span style=\"font-weight: 400;\">\u2026..<\/span><\/p>\r\n<p>--><\/p>[\/et_pb_text][\/et_pb_column][\/et_pb_row][\/et_pb_section]","_et_gb_content_width":"","_links_to":"","_links_to_target":""},"_links":{"self":[{"href":"https:\/\/rirss.org\/pt-pt\/wp-json\/wp\/v2\/pages\/1218"}],"collection":[{"href":"https:\/\/rirss.org\/pt-pt\/wp-json\/wp\/v2\/pages"}],"about":[{"href":"https:\/\/rirss.org\/pt-pt\/wp-json\/wp\/v2\/types\/page"}],"author":[{"embeddable":true,"href":"https:\/\/rirss.org\/pt-pt\/wp-json\/wp\/v2\/users\/3782"}],"replies":[{"embeddable":true,"href":"https:\/\/rirss.org\/pt-pt\/wp-json\/wp\/v2\/comments?post=1218"}],"version-history":[{"count":0,"href":"https:\/\/rirss.org\/pt-pt\/wp-json\/wp\/v2\/pages\/1218\/revisions"}],"wp:attachment":[{"href":"https:\/\/rirss.org\/pt-pt\/wp-json\/wp\/v2\/media?parent=1218"}],"curies":[{"name":"wp","href":"https:\/\/api.w.org\/{rel}","templated":true}]}}